{"id":355,"date":"2025-09-03T01:30:32","date_gmt":"2025-09-02T23:30:32","guid":{"rendered":"https:\/\/jackconsulting.net\/?page_id=355"},"modified":"2025-09-03T15:44:45","modified_gmt":"2025-09-03T13:44:45","slug":"nos-activites","status":"publish","type":"page","link":"https:\/\/jackconsulting.net\/index.php\/nos-activites\/","title":{"rendered":"NOS ACTIVITES"},"content":{"rendered":"\t\t<div data-elementor-type=\"wp-page\" data-elementor-id=\"355\" class=\"elementor elementor-355\" data-elementor-post-type=\"page\">\n\t\t\t\t<div class=\"elementor-element elementor-element-57a2c4b e-con-full e-flex e-con e-parent\" data-id=\"57a2c4b\" data-element_type=\"container\" data-settings=\"{&quot;background_background&quot;:&quot;classic&quot;}\">\n\t\t\t\t<div class=\"elementor-element elementor-element-4f784c5 animated-slow elementor-invisible elementor-widget elementor-widget-heading\" data-id=\"4f784c5\" data-element_type=\"widget\" data-settings=\"{&quot;_animation&quot;:&quot;slideInRight&quot;}\" data-widget_type=\"heading.default\">\n\t\t\t\t\t<h2 class=\"elementor-heading-title elementor-size-default\">Transmettre notre savoir, partager notre exp\u00e9rience et accompagner les acteurs du commerce international : c\u2019est notre engagement.<\/h2>\t\t\t\t<\/div>\n\t\t\t\t<\/div>\n\t\t<div class=\"elementor-element elementor-element-26d3fd5 e-flex e-con-boxed e-con e-parent\" data-id=\"26d3fd5\" data-element_type=\"container\">\n\t\t\t\t\t<div class=\"e-con-inner\">\n\t\t<div class=\"elementor-element elementor-element-7ec7249 e-con-full e-flex e-con e-child\" data-id=\"7ec7249\" data-element_type=\"container\">\n\t\t\t\t<div class=\"elementor-element elementor-element-6abd726 elementor-widget elementor-widget-image\" data-id=\"6abd726\" data-element_type=\"widget\" data-widget_type=\"image.default\">\n\t\t\t\t\t\t\t\t\t\t\t\t\t\t\t<img fetchpriority=\"high\" decoding=\"async\" width=\"1024\" height=\"768\" src=\"https:\/\/jackconsulting.net\/wp-content\/uploads\/2025\/09\/VISUEL-JACK-1024x768.jpg\" class=\"attachment-large size-large wp-image-362\" alt=\"\" srcset=\"https:\/\/jackconsulting.net\/wp-content\/uploads\/2025\/09\/VISUEL-JACK-1024x768.jpg 1024w, https:\/\/jackconsulting.net\/wp-content\/uploads\/2025\/09\/VISUEL-JACK-300x225.jpg 300w, https:\/\/jackconsulting.net\/wp-content\/uploads\/2025\/09\/VISUEL-JACK-768x576.jpg 768w, https:\/\/jackconsulting.net\/wp-content\/uploads\/2025\/09\/VISUEL-JACK.jpg 1387w\" sizes=\"(max-width: 1024px) 100vw, 1024px\" \/>\t\t\t\t\t\t\t\t\t\t\t\t\t\t\t<\/div>\n\t\t\t\t<div class=\"elementor-element elementor-element-285ca6c elementor-widget elementor-widget-text-editor\" data-id=\"285ca6c\" data-element_type=\"widget\" data-widget_type=\"text-editor.default\">\n\t\t\t\t\t\t\t\t\t<p data-start=\"274\" data-end=\"577\">Mon intervention lors de ce s\u00e9minaire vient en 3eme position apr\u00e8s les mots du DG de la Banque Postale et du repr\u00e9sentant du ministre\u00a0des\u00a0Finances<\/p><p><span style=\"text-decoration: underline;\">Th\u00e8me<\/span>:<strong> Le cr\u00e9dit documentaire, un instrument de garantie pour le financement du commerce international<\/strong><\/p>\t\t\t\t\t\t\t\t<\/div>\n\t\t\t\t<div class=\"elementor-element elementor-element-4cb5faf elementor-widget elementor-widget-button\" data-id=\"4cb5faf\" data-element_type=\"widget\" data-widget_type=\"button.default\">\n\t\t\t\t\t\t\t\t\t\t<a class=\"elementor-button elementor-button-link elementor-size-sm\" href=\"https:\/\/www.youtube.com\/live\/O_eCNg7HK5o\">\n\t\t\t\t\t\t<span class=\"elementor-button-content-wrapper\">\n\t\t\t\t\t\t<span class=\"elementor-button-icon\">\n\t\t\t\t<svg aria-hidden=\"true\" class=\"e-font-icon-svg e-fas-eye\" viewBox=\"0 0 576 512\" xmlns=\"http:\/\/www.w3.org\/2000\/svg\"><path d=\"M572.52 241.4C518.29 135.59 410.93 64 288 64S57.68 135.64 3.48 241.41a32.35 32.35 0 0 0 0 29.19C57.71 376.41 165.07 448 288 448s230.32-71.64 284.52-177.41a32.35 32.35 0 0 0 0-29.19zM288 400a144 144 0 1 1 144-144 143.93 143.93 0 0 1-144 144zm0-240a95.31 95.31 0 0 0-25.31 3.79 47.85 47.85 0 0 1-66.9 66.9A95.78 95.78 0 1 0 288 160z\"><\/path><\/svg>\t\t\t<\/span>\n\t\t\t\t\t\t\t\t\t<span class=\"elementor-button-text\">Cliquez pour voir<\/span>\n\t\t\t\t\t<\/span>\n\t\t\t\t\t<\/a>\n\t\t\t\t\t\t\t\t<\/div>\n\t\t\t\t<\/div>\n\t\t<div class=\"elementor-element elementor-element-2a5656e e-con-full e-flex e-con e-child\" data-id=\"2a5656e\" data-element_type=\"container\" data-settings=\"{&quot;background_background&quot;:&quot;classic&quot;}\">\n\t\t\t\t<div class=\"elementor-element elementor-element-44859da elementor-widget elementor-widget-image\" data-id=\"44859da\" data-element_type=\"widget\" data-widget_type=\"image.default\">\n\t\t\t\t\t\t\t\t\t\t\t\t\t\t\t<img decoding=\"async\" width=\"684\" height=\"858\" src=\"https:\/\/jackconsulting.net\/wp-content\/uploads\/2025\/09\/01VISUEL-CCIAM.jpg\" class=\"attachment-full size-full wp-image-396\" alt=\"\" srcset=\"https:\/\/jackconsulting.net\/wp-content\/uploads\/2025\/09\/01VISUEL-CCIAM.jpg 684w, https:\/\/jackconsulting.net\/wp-content\/uploads\/2025\/09\/01VISUEL-CCIAM-239x300.jpg 239w\" sizes=\"(max-width: 684px) 100vw, 684px\" \/>\t\t\t\t\t\t\t\t\t\t\t\t\t\t\t<\/div>\n\t\t\t\t<div class=\"elementor-element elementor-element-d3f04b7 elementor-widget elementor-widget-button\" data-id=\"d3f04b7\" data-element_type=\"widget\" data-widget_type=\"button.default\">\n\t\t\t\t\t\t\t\t\t\t<a class=\"elementor-button elementor-button-link elementor-size-sm\" href=\"https:\/\/www.facebook.com\/reel\/1931751137161156\">\n\t\t\t\t\t\t<span class=\"elementor-button-content-wrapper\">\n\t\t\t\t\t\t<span class=\"elementor-button-icon\">\n\t\t\t\t<svg aria-hidden=\"true\" class=\"e-font-icon-svg e-fas-eye\" viewBox=\"0 0 576 512\" xmlns=\"http:\/\/www.w3.org\/2000\/svg\"><path d=\"M572.52 241.4C518.29 135.59 410.93 64 288 64S57.68 135.64 3.48 241.41a32.35 32.35 0 0 0 0 29.19C57.71 376.41 165.07 448 288 448s230.32-71.64 284.52-177.41a32.35 32.35 0 0 0 0-29.19zM288 400a144 144 0 1 1 144-144 143.93 143.93 0 0 1-144 144zm0-240a95.31 95.31 0 0 0-25.31 3.79 47.85 47.85 0 0 1-66.9 66.9A95.78 95.78 0 1 0 288 160z\"><\/path><\/svg>\t\t\t<\/span>\n\t\t\t\t\t\t\t\t\t<span class=\"elementor-button-text\">Cliquez pour voir<\/span>\n\t\t\t\t\t<\/span>\n\t\t\t\t\t<\/a>\n\t\t\t\t\t\t\t\t<\/div>\n\t\t\t\t<\/div>\n\t\t\t\t\t<\/div>\n\t\t\t\t<\/div>\n\t\t\t\t<\/div>\n\t\t","protected":false},"excerpt":{"rendered":"<p>Transmettre notre savoir, partager notre exp\u00e9rience et accompagner les acteurs du commerce international : c\u2019est notre engagement. Mon intervention lors [&hellip;]<\/p>\n","protected":false},"author":1,"featured_media":0,"parent":0,"menu_order":0,"comment_status":"closed","ping_status":"closed","template":"","meta":{"site-sidebar-layout":"no-sidebar","site-content-layout":"","ast-site-content-layout":"full-width-container","site-content-style":"default","site-sidebar-style":"default","ast-global-header-display":"","ast-banner-title-visibility":"","ast-main-header-display":"","ast-hfb-above-header-display":"","ast-hfb-below-header-display":"","ast-hfb-mobile-header-display":"","site-post-title":"disabled","ast-breadcrumbs-content":"","ast-featured-img":"disabled","footer-sml-layout":"","theme-transparent-header-meta":"","adv-header-id-meta":"","stick-header-meta":"","header-above-stick-meta":"","header-main-stick-meta":"","header-below-stick-meta":"","astra-migrate-meta-layouts":"default","ast-page-background-enabled":"default","ast-page-background-meta":{"desktop":{"background-color":"var(--ast-global-color-5)","background-image":"","background-repeat":"repeat","background-position":"center center","background-size":"auto","background-attachment":"scroll","background-type":"","background-media":"","overlay-type":"","overlay-color":"","overlay-opacity":"","overlay-gradient":""},"tablet":{"background-color":"","background-image":"","background-repeat":"repeat","background-position":"center center","background-size":"auto","background-attachment":"scroll","background-type":"","background-media":"","overlay-type":"","overlay-color":"","overlay-opacity":"","overlay-gradient":""},"mobile":{"background-color":"","background-image":"","background-repeat":"repeat","background-position":"center center","background-size":"auto","background-attachment":"scroll","background-type":"","background-media":"","overlay-type":"","overlay-color":"","overlay-opacity":"","overlay-gradient":""}},"ast-content-background-meta":{"desktop":{"background-color":"var(--ast-global-color-4)","background-image":"","background-repeat":"repeat","background-position":"center center","background-size":"auto","background-attachment":"scroll","background-type":"","background-media":"","overlay-type":"","overlay-color":"","overlay-opacity":"","overlay-gradient":""},"tablet":{"background-color":"var(--ast-global-color-4)","background-image":"","background-repeat":"repeat","background-position":"center center","background-size":"auto","background-attachment":"scroll","background-type":"","background-media":"","overlay-type":"","overlay-color":"","overlay-opacity":"","overlay-gradient":""},"mobile":{"background-color":"var(--ast-global-color-4)","background-image":"","background-repeat":"repeat","background-position":"center center","background-size":"auto","background-attachment":"scroll","background-type":"","background-media":"","overlay-type":"","overlay-color":"","overlay-opacity":"","overlay-gradient":""}},"footnotes":""},"class_list":["post-355","page","type-page","status-publish","hentry"],"yoast_head":"<!-- This site is optimized with the Yoast SEO plugin v25.8 - https:\/\/yoast.com\/wordpress\/plugins\/seo\/ -->\n<title>NOS ACTIVITES - JACK CONSULTING<\/title>\n<meta name=\"description\" content=\"D\u00e9couvrez les activit\u00e9s de JACK CONSULTING : accompagnement strat\u00e9gique, gestion des op\u00e9rations d\u2019import-export, Technique de financement du commerce international et formations sp\u00e9cialis\u00e9es pour s\u00e9curiser et optimiser vos \u00e9changes mondiaux.&quot;\" \/>\n<meta name=\"robots\" content=\"index, follow, max-snippet:-1, max-image-preview:large, max-video-preview:-1\" \/>\n<link rel=\"canonical\" href=\"https:\/\/jackconsulting.net\/index.php\/nos-activites\/\" \/>\n<meta property=\"og:locale\" content=\"fr_FR\" \/>\n<meta property=\"og:type\" content=\"article\" \/>\n<meta property=\"og:title\" content=\"NOS ACTIVITES - JACK CONSULTING\" \/>\n<meta property=\"og:description\" content=\"D\u00e9couvrez les activit\u00e9s de JACK CONSULTING : accompagnement strat\u00e9gique, gestion des op\u00e9rations d\u2019import-export, Technique de financement du commerce international et formations sp\u00e9cialis\u00e9es pour s\u00e9curiser et optimiser vos \u00e9changes mondiaux.&quot;\" \/>\n<meta property=\"og:url\" content=\"https:\/\/jackconsulting.net\/index.php\/nos-activites\/\" \/>\n<meta property=\"article:publisher\" content=\"https:\/\/www.facebook.com\/profile.php?id=100089504376191\" \/>\n<meta property=\"article:modified_time\" content=\"2025-09-03T13:44:45+00:00\" \/>\n<meta property=\"og:image\" content=\"https:\/\/jackconsulting.net\/wp-content\/uploads\/2025\/09\/VISUEL-JACK-1024x768.jpg\" \/>\n<meta name=\"twitter:card\" content=\"summary_large_image\" \/>\n<meta name=\"twitter:label1\" content=\"Dur\u00e9e de lecture estim\u00e9e\" \/>\n\t<meta name=\"twitter:data1\" content=\"1 minute\" \/>\n<script type=\"application\/ld+json\" class=\"yoast-schema-graph\">{\"@context\":\"https:\/\/schema.org\",\"@graph\":[{\"@type\":\"WebPage\",\"@id\":\"https:\/\/jackconsulting.net\/index.php\/nos-activites\/\",\"url\":\"https:\/\/jackconsulting.net\/index.php\/nos-activites\/\",\"name\":\"NOS ACTIVITES - JACK CONSULTING\",\"isPartOf\":{\"@id\":\"https:\/\/jackconsulting.net\/#website\"},\"primaryImageOfPage\":{\"@id\":\"https:\/\/jackconsulting.net\/index.php\/nos-activites\/#primaryimage\"},\"image\":{\"@id\":\"https:\/\/jackconsulting.net\/index.php\/nos-activites\/#primaryimage\"},\"thumbnailUrl\":\"https:\/\/jackconsulting.net\/wp-content\/uploads\/2025\/09\/VISUEL-JACK-1024x768.jpg\",\"datePublished\":\"2025-09-02T23:30:32+00:00\",\"dateModified\":\"2025-09-03T13:44:45+00:00\",\"description\":\"D\u00e9couvrez les activit\u00e9s de JACK CONSULTING : accompagnement strat\u00e9gique, gestion des op\u00e9rations d\u2019import-export, Technique de financement du commerce international et formations sp\u00e9cialis\u00e9es pour s\u00e9curiser et optimiser vos \u00e9changes mondiaux.\\\"\",\"breadcrumb\":{\"@id\":\"https:\/\/jackconsulting.net\/index.php\/nos-activites\/#breadcrumb\"},\"inLanguage\":\"fr-FR\",\"potentialAction\":[{\"@type\":\"ReadAction\",\"target\":[\"https:\/\/jackconsulting.net\/index.php\/nos-activites\/\"]}]},{\"@type\":\"ImageObject\",\"inLanguage\":\"fr-FR\",\"@id\":\"https:\/\/jackconsulting.net\/index.php\/nos-activites\/#primaryimage\",\"url\":\"https:\/\/jackconsulting.net\/wp-content\/uploads\/2025\/09\/VISUEL-JACK.jpg\",\"contentUrl\":\"https:\/\/jackconsulting.net\/wp-content\/uploads\/2025\/09\/VISUEL-JACK.jpg\",\"width\":1387,\"height\":1040},{\"@type\":\"BreadcrumbList\",\"@id\":\"https:\/\/jackconsulting.net\/index.php\/nos-activites\/#breadcrumb\",\"itemListElement\":[{\"@type\":\"ListItem\",\"position\":1,\"name\":\"Accueil\",\"item\":\"https:\/\/jackconsulting.net\/\"},{\"@type\":\"ListItem\",\"position\":2,\"name\":\"NOS ACTIVITES\"}]},{\"@type\":\"WebSite\",\"@id\":\"https:\/\/jackconsulting.net\/#website\",\"url\":\"https:\/\/jackconsulting.net\/\",\"name\":\"JACK CONSULTING\",\"description\":\"Votre partenaire de confiance en COMMERCE INTERNATIONAL\",\"publisher\":{\"@id\":\"https:\/\/jackconsulting.net\/#organization\"},\"potentialAction\":[{\"@type\":\"SearchAction\",\"target\":{\"@type\":\"EntryPoint\",\"urlTemplate\":\"https:\/\/jackconsulting.net\/?s={search_term_string}\"},\"query-input\":{\"@type\":\"PropertyValueSpecification\",\"valueRequired\":true,\"valueName\":\"search_term_string\"}}],\"inLanguage\":\"fr-FR\"},{\"@type\":\"Organization\",\"@id\":\"https:\/\/jackconsulting.net\/#organization\",\"name\":\"JACK CONSULTING\",\"url\":\"https:\/\/jackconsulting.net\/\",\"logo\":{\"@type\":\"ImageObject\",\"inLanguage\":\"fr-FR\",\"@id\":\"https:\/\/jackconsulting.net\/#\/schema\/logo\/image\/\",\"url\":\"https:\/\/jackconsulting.net\/wp-content\/uploads\/2025\/08\/LOGO-JACK-CONSULT.png\",\"contentUrl\":\"https:\/\/jackconsulting.net\/wp-content\/uploads\/2025\/08\/LOGO-JACK-CONSULT.png\",\"width\":500,\"height\":158,\"caption\":\"JACK CONSULTING\"},\"image\":{\"@id\":\"https:\/\/jackconsulting.net\/#\/schema\/logo\/image\/\"},\"sameAs\":[\"https:\/\/www.facebook.com\/profile.php?id=100089504376191\"]}]}<\/script>\n<!-- \/ Yoast SEO plugin. -->","yoast_head_json":{"title":"NOS ACTIVITES - JACK CONSULTING","description":"D\u00e9couvrez les activit\u00e9s de JACK CONSULTING : accompagnement strat\u00e9gique, gestion des op\u00e9rations d\u2019import-export, Technique de financement du commerce international et formations sp\u00e9cialis\u00e9es pour s\u00e9curiser et optimiser vos \u00e9changes mondiaux.\"","robots":{"index":"index","follow":"follow","max-snippet":"max-snippet:-1","max-image-preview":"max-image-preview:large","max-video-preview":"max-video-preview:-1"},"canonical":"https:\/\/jackconsulting.net\/index.php\/nos-activites\/","og_locale":"fr_FR","og_type":"article","og_title":"NOS ACTIVITES - JACK CONSULTING","og_description":"D\u00e9couvrez les activit\u00e9s de JACK CONSULTING : accompagnement strat\u00e9gique, gestion des op\u00e9rations d\u2019import-export, Technique de financement du commerce international et formations sp\u00e9cialis\u00e9es pour s\u00e9curiser et optimiser vos \u00e9changes mondiaux.\"","og_url":"https:\/\/jackconsulting.net\/index.php\/nos-activites\/","article_publisher":"https:\/\/www.facebook.com\/profile.php?id=100089504376191","article_modified_time":"2025-09-03T13:44:45+00:00","og_image":[{"url":"https:\/\/jackconsulting.net\/wp-content\/uploads\/2025\/09\/VISUEL-JACK-1024x768.jpg","type":"","width":"","height":""}],"twitter_card":"summary_large_image","twitter_misc":{"Dur\u00e9e de lecture estim\u00e9e":"1 minute"},"schema":{"@context":"https:\/\/schema.org","@graph":[{"@type":"WebPage","@id":"https:\/\/jackconsulting.net\/index.php\/nos-activites\/","url":"https:\/\/jackconsulting.net\/index.php\/nos-activites\/","name":"NOS ACTIVITES - JACK CONSULTING","isPartOf":{"@id":"https:\/\/jackconsulting.net\/#website"},"primaryImageOfPage":{"@id":"https:\/\/jackconsulting.net\/index.php\/nos-activites\/#primaryimage"},"image":{"@id":"https:\/\/jackconsulting.net\/index.php\/nos-activites\/#primaryimage"},"thumbnailUrl":"https:\/\/jackconsulting.net\/wp-content\/uploads\/2025\/09\/VISUEL-JACK-1024x768.jpg","datePublished":"2025-09-02T23:30:32+00:00","dateModified":"2025-09-03T13:44:45+00:00","description":"D\u00e9couvrez les activit\u00e9s de JACK CONSULTING : accompagnement strat\u00e9gique, gestion des op\u00e9rations d\u2019import-export, Technique de financement du commerce international et formations sp\u00e9cialis\u00e9es pour s\u00e9curiser et optimiser vos \u00e9changes mondiaux.\"","breadcrumb":{"@id":"https:\/\/jackconsulting.net\/index.php\/nos-activites\/#breadcrumb"},"inLanguage":"fr-FR","potentialAction":[{"@type":"ReadAction","target":["https:\/\/jackconsulting.net\/index.php\/nos-activites\/"]}]},{"@type":"ImageObject","inLanguage":"fr-FR","@id":"https:\/\/jackconsulting.net\/index.php\/nos-activites\/#primaryimage","url":"https:\/\/jackconsulting.net\/wp-content\/uploads\/2025\/09\/VISUEL-JACK.jpg","contentUrl":"https:\/\/jackconsulting.net\/wp-content\/uploads\/2025\/09\/VISUEL-JACK.jpg","width":1387,"height":1040},{"@type":"BreadcrumbList","@id":"https:\/\/jackconsulting.net\/index.php\/nos-activites\/#breadcrumb","itemListElement":[{"@type":"ListItem","position":1,"name":"Accueil","item":"https:\/\/jackconsulting.net\/"},{"@type":"ListItem","position":2,"name":"NOS ACTIVITES"}]},{"@type":"WebSite","@id":"https:\/\/jackconsulting.net\/#website","url":"https:\/\/jackconsulting.net\/","name":"JACK CONSULTING","description":"Votre partenaire de confiance en COMMERCE INTERNATIONAL","publisher":{"@id":"https:\/\/jackconsulting.net\/#organization"},"potentialAction":[{"@type":"SearchAction","target":{"@type":"EntryPoint","urlTemplate":"https:\/\/jackconsulting.net\/?s={search_term_string}"},"query-input":{"@type":"PropertyValueSpecification","valueRequired":true,"valueName":"search_term_string"}}],"inLanguage":"fr-FR"},{"@type":"Organization","@id":"https:\/\/jackconsulting.net\/#organization","name":"JACK CONSULTING","url":"https:\/\/jackconsulting.net\/","logo":{"@type":"ImageObject","inLanguage":"fr-FR","@id":"https:\/\/jackconsulting.net\/#\/schema\/logo\/image\/","url":"https:\/\/jackconsulting.net\/wp-content\/uploads\/2025\/08\/LOGO-JACK-CONSULT.png","contentUrl":"https:\/\/jackconsulting.net\/wp-content\/uploads\/2025\/08\/LOGO-JACK-CONSULT.png","width":500,"height":158,"caption":"JACK CONSULTING"},"image":{"@id":"https:\/\/jackconsulting.net\/#\/schema\/logo\/image\/"},"sameAs":["https:\/\/www.facebook.com\/profile.php?id=100089504376191"]}]}},"_links":{"self":[{"href":"https:\/\/jackconsulting.net\/index.php\/wp-json\/wp\/v2\/pages\/355","targetHints":{"allow":["GET"]}}],"collection":[{"href":"https:\/\/jackconsulting.net\/index.php\/wp-json\/wp\/v2\/pages"}],"about":[{"href":"https:\/\/jackconsulting.net\/index.php\/wp-json\/wp\/v2\/types\/page"}],"author":[{"embeddable":true,"href":"https:\/\/jackconsulting.net\/index.php\/wp-json\/wp\/v2\/users\/1"}],"replies":[{"embeddable":true,"href":"https:\/\/jackconsulting.net\/index.php\/wp-json\/wp\/v2\/comments?post=355"}],"version-history":[{"count":31,"href":"https:\/\/jackconsulting.net\/index.php\/wp-json\/wp\/v2\/pages\/355\/revisions"}],"predecessor-version":[{"id":440,"href":"https:\/\/jackconsulting.net\/index.php\/wp-json\/wp\/v2\/pages\/355\/revisions\/440"}],"wp:attachment":[{"href":"https:\/\/jackconsulting.net\/index.php\/wp-json\/wp\/v2\/media?parent=355"}],"curies":[{"name":"wp","href":"https:\/\/api.w.org\/{rel}","templated":true}]}}